{"id":719,"date":"2022-07-08T13:00:10","date_gmt":"2022-07-08T13:00:10","guid":{"rendered":"http:\/\/wp22.t-spray.de\/spruzzatura-ad-arco-elettrico\/"},"modified":"2025-10-28T05:26:01","modified_gmt":"2025-10-28T05:26:01","slug":"spruzzatura-ad-arco-elettrico","status":"publish","type":"page","link":"https:\/\/t-spray.de\/it\/spruzzatura-ad-arco-elettrico\/","title":{"rendered":"SPRUZZATURA AD ARCO ELETTRICO"},"content":{"rendered":"<p>[et_pb_section fb_built=&#8221;1&#8243; fullwidth=&#8221;on&#8221; _builder_version=&#8221;4.17.5&#8243; _module_preset=&#8221;default&#8221; global_colors_info=&#8221;{}&#8221;][et_pb_fullwidth_image src=&#8221;https:\/\/t-spray.de\/wp-content\/uploads\/2022\/07\/verfahren-lichtbogenspritzen-1680&#215;380-1.jpg&#8221; title_text=&#8221;SPRUZZATURA AD ARCO ELETTRICO&#8221; _builder_version=&#8221;4.17.5&#8243; _module_preset=&#8221;default&#8221; global_colors_info=&#8221;{}&#8221;][\/et_pb_fullwidth_image][\/et_pb_section][et_pb_section fb_built=&#8221;1&#8243; _builder_version=&#8221;4.17.5&#8243; _module_preset=&#8221;default&#8221; custom_padding=&#8221;0px||0px|||&#8221; global_colors_info=&#8221;{}&#8221;][et_pb_row _builder_version=&#8221;4.17.5&#8243; _module_preset=&#8221;default&#8221; global_colors_info=&#8221;{}&#8221;][et_pb_column type=&#8221;4_4&#8243; _builder_version=&#8221;4.17.5&#8243; _module_preset=&#8221;default&#8221; global_colors_info=&#8221;{}&#8221;][et_pb_text _builder_version=&#8221;4.17.5&#8243; _module_preset=&#8221;default&#8221; global_colors_info=&#8221;{}&#8221;]<\/p>\n<nav aria-label=\"breadcrumbs\" class=\"rank-math-breadcrumb\"><p><span class=\"last\">Start<\/span><\/p><\/nav>\n<p>[\/et_pb_text][\/et_pb_column][\/et_pb_row][\/et_pb_section][et_pb_section fb_built=&#8221;1&#8243; specialty=&#8221;on&#8221; _builder_version=&#8221;4.17.5&#8243; _module_preset=&#8221;925e1525-0f04-4b76-970c-a65946074cf6&#8243; global_colors_info=&#8221;{}&#8221;][et_pb_column type=&#8221;1_4&#8243; _builder_version=&#8221;4.16&#8243; custom_padding=&#8221;|||&#8221; global_colors_info=&#8221;{}&#8221; custom_padding__hover=&#8221;|||&#8221;][et_pb_sidebar disabled_on=&#8221;on|off|off&#8221; _builder_version=&#8221;4.17.5&#8243; _module_preset=&#8221;default&#8221; global_colors_info=&#8221;{}&#8221;][\/et_pb_sidebar][\/et_pb_column][et_pb_column type=&#8221;3_4&#8243; specialty_columns=&#8221;3&#8243; _builder_version=&#8221;4.16&#8243; custom_padding=&#8221;|||&#8221; global_colors_info=&#8221;{}&#8221; custom_padding__hover=&#8221;|||&#8221;][et_pb_row_inner _builder_version=&#8221;4.17.5&#8243; _module_preset=&#8221;default&#8221; custom_padding=&#8221;||29px|||&#8221; global_colors_info=&#8221;{}&#8221;][et_pb_column_inner saved_specialty_column_type=&#8221;3_4&#8243; _builder_version=&#8221;4.17.5&#8243; _module_preset=&#8221;default&#8221; global_colors_info=&#8221;{}&#8221;][et_pb_text _builder_version=&#8221;4.17.5&#8243; _module_preset=&#8221;default&#8221; header_font=&#8221;|||on|||||&#8221; header_2_font=&#8221;|||on|||||&#8221; header_2_text_color=&#8221;#848484&#8243; global_colors_info=&#8221;{}&#8221;]<\/p>\n<h1>SPRUZZATURA AD ARCO ELETTRICO<\/h1>\n<h2>UN PROCEDIMENTO UNIVERSALE ED ECONOMICO<\/h2>\n<p>[\/et_pb_text][et_pb_text _builder_version=&#8221;4.17.5&#8243; _module_preset=&#8221;default&#8221; global_colors_info=&#8221;{}&#8221;]<\/p>\n<p>Due fili elettrici generano un arco elettrico. Il materiale di rivestimento si presenta sotto forma di filo. La produzione di un arco provoca la fusione del filo. Il metallo fuso con l\u2019ausilio di aria compressa viene proiettato sulla superficie del pezzo. <\/p>\n<p>Grazie all\u2019elevata denist\u00e0, le particelle del materiale di rivestimento vengono proiettate sulla superficie con un\u2018elevata energia termica e cinetica e microsaldate, garantendo una buona aderenza. <\/p>\n<p>[\/et_pb_text][\/et_pb_column_inner][\/et_pb_row_inner][et_pb_row_inner column_structure=&#8221;1_2,1_2&#8243; use_custom_gutter=&#8221;on&#8221; gutter_width=&#8221;2&#8243; _builder_version=&#8221;4.17.5&#8243; _module_preset=&#8221;default&#8221; custom_padding=&#8221;0px|||||&#8221; global_colors_info=&#8221;{}&#8221;][et_pb_column_inner type=&#8221;1_2&#8243; saved_specialty_column_type=&#8221;3_4&#8243; _builder_version=&#8221;4.17.5&#8243; _module_preset=&#8221;default&#8221; global_colors_info=&#8221;{}&#8221;][et_pb_image src=&#8221;https:\/\/t-spray.de\/wp-content\/uploads\/2025\/10\/t-spray_brenner01.jpg&#8221; alt=&#8221;T-Spray&#8221; title_text=&#8221;t-spray_brenner01&#8243; show_in_lightbox=&#8221;on&#8221; _builder_version=&#8221;4.27.4&#8243; _module_preset=&#8221;default&#8221; animation_style=&#8221;flip&#8221; animation_direction=&#8221;left&#8221; border_width_all=&#8221;1px&#8221; border_color_all=&#8221;#e0e0e0&#8243; global_colors_info=&#8221;{}&#8221;][\/et_pb_image][\/et_pb_column_inner][et_pb_column_inner type=&#8221;1_2&#8243; saved_specialty_column_type=&#8221;3_4&#8243; _builder_version=&#8221;4.17.5&#8243; _module_preset=&#8221;default&#8221; global_colors_info=&#8221;{}&#8221;][et_pb_image src=&#8221;https:\/\/t-spray.de\/wp-content\/uploads\/2025\/10\/t-spray-brenner02.jpg&#8221; alt=&#8221;Brenner&#8221; title_text=&#8221;t-spray-brenner02&#8243; show_in_lightbox=&#8221;on&#8221; _builder_version=&#8221;4.27.4&#8243; _module_preset=&#8221;default&#8221; animation_style=&#8221;flip&#8221; animation_direction=&#8221;left&#8221; border_width_all=&#8221;1px&#8221; border_color_all=&#8221;#e0e0e0&#8243; global_colors_info=&#8221;{}&#8221;][\/et_pb_image][\/et_pb_column_inner][\/et_pb_row_inner][et_pb_row_inner _builder_version=&#8221;4.17.5&#8243; _module_preset=&#8221;default&#8221; custom_padding=&#8221;||29px|||&#8221; global_colors_info=&#8221;{}&#8221;][et_pb_column_inner saved_specialty_column_type=&#8221;3_4&#8243; _builder_version=&#8221;4.17.5&#8243; _module_preset=&#8221;default&#8221; global_colors_info=&#8221;{}&#8221;][et_pb_text _builder_version=&#8221;4.17.5&#8243; _module_preset=&#8221;default&#8221; header_font=&#8221;|||on|||||&#8221; header_2_font=&#8221;|||on|||||&#8221; header_2_text_color=&#8221;#23528E&#8221; header_2_font_size=&#8221;24px&#8221; custom_margin=&#8221;||14px|||&#8221; global_colors_info=&#8221;{}&#8221;]<\/p>\n<h2>APPLICAZIONI \/ VANTAGGI<\/h2>\n<p>[\/et_pb_text][et_pb_text ul_type=&#8221;square&#8221; _builder_version=&#8221;4.17.5&#8243; _module_preset=&#8221;default&#8221; global_colors_info=&#8221;{}&#8221;]<\/p>\n<ul>\n<li>Rivestimenti di ampie superfici, che richiedono un\u2019elevata potenza di spruzzatura<\/li>\n<li>Si possono realizzare rivestimenti con diversi millimetri di spessore<\/li>\n<li>Rendimento molto elevato e aderenza eccellente<\/li>\n<li>La spruzzatura ad arco \u00e8particolarmente indicata in ambiti applicativi che non prevedono l\u2019impiego della fiamma autogena come ulteriore fonte di calore, come per esempio il rivestimento di plastica o carta<\/li>\n<li>Molteplici impieghi nell\u2019ambito della lavorazione finale: tornitura, fresatura, rettificazione, etc.<\/li>\n<li>I rivestimenti possono essere sottoposti a brasatura<\/li>\n<li>Processo particolarmente conveniente grazie all\u2019elevata disponibilit\u00e0 ed ai bassi costi in termini di energia e di materiali N\u00e9 l&#8217;energia n\u00e9 il materiale vengono consumati pi\u00f9 del necessario.<\/li>\n<li>Processo molto economico grazie all&#8217;elevata disponibilit\u00e0 e ai bassi costi di energia e materiali<\/li>\n<\/ul>\n<p>[\/et_pb_text][\/et_pb_column_inner][\/et_pb_row_inner][et_pb_row_inner _builder_version=&#8221;4.17.5&#8243; _module_preset=&#8221;default&#8221; custom_padding=&#8221;||29px|||&#8221; global_colors_info=&#8221;{}&#8221;][et_pb_column_inner saved_specialty_column_type=&#8221;3_4&#8243; _builder_version=&#8221;4.17.5&#8243; _module_preset=&#8221;default&#8221; global_colors_info=&#8221;{}&#8221;][et_pb_text _builder_version=&#8221;4.17.5&#8243; _module_preset=&#8221;default&#8221; header_font=&#8221;|||on|||||&#8221; header_2_font=&#8221;|||on|||||&#8221; header_2_text_color=&#8221;#23528E&#8221; header_2_font_size=&#8221;24px&#8221; global_colors_info=&#8221;{}&#8221;]<\/p>\n<h2>LE NOSTRE PISTOLE AD ARCO ELETTRICO<\/h2>\n<p>[\/et_pb_text][\/et_pb_column_inner][\/et_pb_row_inner][et_pb_row_inner _builder_version=&#8221;4.27.4&#8243; _module_preset=&#8221;default&#8221; column_structure=&#8221;1_2,1_2&#8243;][et_pb_column_inner saved_specialty_column_type=&#8221;3_4&#8243; _builder_version=&#8221;4.27.4&#8243; _module_preset=&#8221;default&#8221; type=&#8221;1_2&#8243;][et_pb_blurb image=&#8221;https:\/\/t-spray.de\/wp-content\/uploads\/2025\/10\/1M-MB_freigestellt-1.webp&#8221; _builder_version=&#8221;4.27.4&#8243; _module_preset=&#8221;default&#8221; title_text=&#8221;1M-MB_freigestellt&#8221; image_icon_custom_padding=&#8221;10px|15px|10px|15px|true|true&#8221; border_width_all_image=&#8221;1px&#8221; border_color_all_image=&#8221;#e2e2e2&#8243; custom_margin=&#8221;||3em||false|false&#8221; hover_enabled=&#8221;0&#8243; sticky_enabled=&#8221;0&#8243;]<\/p>\n<p>torcia a motore per applicazioni automatizzate<\/p>\n<p>[\/et_pb_blurb][et_pb_blurb image=&#8221;https:\/\/t-spray.de\/wp-content\/uploads\/2025\/10\/IMG_6460_frei.webp&#8221; _builder_version=&#8221;4.27.4&#8243; _module_preset=&#8221;default&#8221; title_text=&#8221;IMG_6460_frei&#8221; image_icon_custom_padding=&#8221;10px|15px|10px|15px|true|true&#8221; border_width_all_image=&#8221;1px&#8221; border_color_all_image=&#8221;#e2e2e2&#8243; custom_margin=&#8221;||3em||false|false&#8221; hover_enabled=&#8221;0&#8243; sticky_enabled=&#8221;0&#8243; alt=&#8221;2-motorieger Brenner&#8221;]<\/p>\n<p>torcia a doppio motore per l&#8217;uso di 2 fili diversi<\/p>\n<p>[\/et_pb_blurb][et_pb_blurb image=&#8221;https:\/\/t-spray.de\/wp-content\/uploads\/2025\/10\/HLBrenner.webp&#8221; _builder_version=&#8221;4.27.4&#8243; _module_preset=&#8221;default&#8221; title_text=&#8221;HLBrenner&#8221; image_icon_custom_padding=&#8221;10px|15px|10px|15px|true|true&#8221; border_width_all_image=&#8221;1px&#8221; border_color_all_image=&#8221;#e2e2e2&#8243; custom_margin=&#8221;||3em||false|false&#8221; hover_enabled=&#8221;0&#8243; sticky_enabled=&#8221;0&#8243; alt=&#8221;Hochleistungsbrenner&#8221;]<\/p>\n<p>torcia ad alte prestazioni LDS3000<\/p>\n<p>[\/et_pb_blurb][\/et_pb_column_inner][et_pb_column_inner saved_specialty_column_type=&#8221;3_4&#8243; _builder_version=&#8221;4.27.4&#8243; _module_preset=&#8221;default&#8221; type=&#8221;1_2&#8243;][et_pb_blurb image=&#8221;https:\/\/t-spray.de\/wp-content\/uploads\/2024\/04\/innenbrenner.jpg&#8221; _builder_version=&#8221;4.27.4&#8243; _module_preset=&#8221;default&#8221; title_text=&#8221;innenbrenner&#8221; image_icon_custom_padding=&#8221;10px|15px|10px|15px|true|true&#8221; border_width_all_image=&#8221;1px&#8221; border_color_all_image=&#8221;#e2e2e2&#8243; custom_margin=&#8221;||3em||false|false&#8221; hover_enabled=&#8221;0&#8243; sticky_enabled=&#8221;0&#8243;]<\/p>\n<p>torcia interno<\/p>\n<p>[\/et_pb_blurb][\/et_pb_column_inner][\/et_pb_row_inner][et_pb_row_inner _builder_version=&#8221;4.17.5&#8243; _module_preset=&#8221;default&#8221; custom_padding=&#8221;||29px|||&#8221; global_colors_info=&#8221;{}&#8221;][et_pb_column_inner saved_specialty_column_type=&#8221;3_4&#8243; _builder_version=&#8221;4.17.5&#8243; _module_preset=&#8221;default&#8221; global_colors_info=&#8221;{}&#8221;][et_pb_text _builder_version=&#8221;4.17.5&#8243; _module_preset=&#8221;default&#8221; header_font=&#8221;|||on|||||&#8221; header_2_font=&#8221;|||on|||||&#8221; header_2_text_color=&#8221;#23528E&#8221; header_2_font_size=&#8221;24px&#8221; global_colors_info=&#8221;{}&#8221;]<\/p>\n<h2>MATERIALI COMUNEMENTE USATI<\/h2>\n<p>[\/et_pb_text][et_pb_text _builder_version=&#8221;4.17.5&#8243; _module_preset=&#8221;default&#8221; global_colors_info=&#8221;{}&#8221;]<\/p>\n<p>NiAl 95\/5, NiCr 80\/20, NiTi 96\/4, AlBz8, CuSn6, 13% Cr, 19% Cr, 29% Cr, Zn, Inconel 625,<span> <\/span><nobr>Hasteloy C<\/nobr>, etc.<br \/>Fili animati (senza giunzioni e con riporti)<\/p>\n<p>Per ulteriori informazioni consulta <span>anche<\/span> <a href=\"https:\/\/t-spray.de\/it\/materiali\/\">Materiali<\/a><\/p>\n<p>[\/et_pb_text][\/et_pb_column_inner][\/et_pb_row_inner][et_pb_row_inner _builder_version=&#8221;4.17.5&#8243; _module_preset=&#8221;default&#8221; custom_padding=&#8221;||29px|||&#8221; global_colors_info=&#8221;{}&#8221;][et_pb_column_inner saved_specialty_column_type=&#8221;3_4&#8243; _builder_version=&#8221;4.17.5&#8243; _module_preset=&#8221;default&#8221; global_colors_info=&#8221;{}&#8221;][et_pb_text _builder_version=&#8221;4.17.5&#8243; _module_preset=&#8221;default&#8221; header_font=&#8221;|||on|||||&#8221; header_2_font=&#8221;|||on|||||&#8221; header_2_text_color=&#8221;#23528E&#8221; header_2_font_size=&#8221;24px&#8221; global_colors_info=&#8221;{}&#8221;]<\/p>\n<h2>RICAMBI, COMPONENTI<\/h2>\n<p>[\/et_pb_text][et_pb_text _builder_version=&#8221;4.17.5&#8243; _module_preset=&#8221;default&#8221; global_colors_info=&#8221;{}&#8221;]<\/p>\n<p><span>Punti di contatto, ugelli, alimentatori filo, sistema di sbobinamento, LD\/U-2, antiCOR<\/span><\/p>\n<p>[\/et_pb_text][et_pb_image src=&#8221;https:\/\/t-spray.de\/wp-content\/uploads\/2022\/07\/lichtbogenspritzen-detail-ersatzteile.jpeg&#8221; alt=&#8221;Ricambi, componenti spruzzatura ad arco&#8221; title_text=&#8221;Ricambi, componenti spruzzatura ad arco&#8221; _builder_version=&#8221;4.17.6&#8243; _module_preset=&#8221;default&#8221; global_colors_info=&#8221;{}&#8221;][\/et_pb_image][\/et_pb_column_inner][\/et_pb_row_inner][\/et_pb_column][\/et_pb_section]<\/p>\n","protected":false},"excerpt":{"rendered":"<p><nav aria-label=\"breadcrumbs\" class=\"rank-math-breadcrumb\"><p><span class=\"last\">Start<\/span><\/p><\/nav>SPRUZZATURA AD ARCO ELETTRICO UN PROCEDIMENTO UNIVERSALE ED ECONOMICODue fili elettrici generano un arco elettrico. Il materiale di rivestimento si presenta sotto forma di filo. La produzione di un arco provoca la fusione del filo. Il metallo fuso con l\u2019ausilio di aria compressa viene proiettato sulla superficie del pezzo. Grazie all\u2019elevata denist\u00e0, le particelle del [&hellip;]<\/p>\n","protected":false},"author":1,"featured_media":0,"parent":0,"menu_order":0,"comment_status":"closed","ping_status":"closed","template":"","meta":{"_et_pb_use_builder":"on","_et_pb_old_content":"","_et_gb_content_width":"","footnotes":""},"class_list":["post-719","page","type-page","status-publish","hentry"],"_links":{"self":[{"href":"https:\/\/t-spray.de\/it\/wp-json\/wp\/v2\/pages\/719","targetHints":{"allow":["GET"]}}],"collection":[{"href":"https:\/\/t-spray.de\/it\/wp-json\/wp\/v2\/pages"}],"about":[{"href":"https:\/\/t-spray.de\/it\/wp-json\/wp\/v2\/types\/page"}],"author":[{"embeddable":true,"href":"https:\/\/t-spray.de\/it\/wp-json\/wp\/v2\/users\/1"}],"replies":[{"embeddable":true,"href":"https:\/\/t-spray.de\/it\/wp-json\/wp\/v2\/comments?post=719"}],"version-history":[{"count":11,"href":"https:\/\/t-spray.de\/it\/wp-json\/wp\/v2\/pages\/719\/revisions"}],"predecessor-version":[{"id":1196,"href":"https:\/\/t-spray.de\/it\/wp-json\/wp\/v2\/pages\/719\/revisions\/1196"}],"wp:attachment":[{"href":"https:\/\/t-spray.de\/it\/wp-json\/wp\/v2\/media?parent=719"}],"curies":[{"name":"wp","href":"https:\/\/api.w.org\/{rel}","templated":true}]}}