{"id":704,"date":"2022-07-08T13:07:29","date_gmt":"2022-07-08T13:07:29","guid":{"rendered":"http:\/\/wp22.t-spray.de\/spruzzatura-hvof\/"},"modified":"2022-08-01T11:12:14","modified_gmt":"2022-08-01T11:12:14","slug":"spruzzatura-hvof","status":"publish","type":"page","link":"https:\/\/t-spray.de\/it\/spruzzatura-hvof\/","title":{"rendered":"Spruzzatura HVOF"},"content":{"rendered":"<p>[et_pb_section fb_built=&#8221;1&#8243; fullwidth=&#8221;on&#8221; _builder_version=&#8221;4.17.5&#8243; _module_preset=&#8221;default&#8221; global_colors_info=&#8221;{}&#8221;][et_pb_fullwidth_image src=&#8221;https:\/\/t-spray.de\/wp-content\/uploads\/2022\/07\/verfahren-hvof-spritzen-1680&#215;380-1.jpg&#8221; alt=&#8221;Spruzzatura HVOF&#8221; title_text=&#8221;Spruzzatura HVOF&#8221; _builder_version=&#8221;4.17.5&#8243; _module_preset=&#8221;default&#8221; global_colors_info=&#8221;{}&#8221;][\/et_pb_fullwidth_image][\/et_pb_section][et_pb_section fb_built=&#8221;1&#8243; _builder_version=&#8221;4.17.5&#8243; _module_preset=&#8221;default&#8221; custom_padding=&#8221;0px||0px|||&#8221; global_colors_info=&#8221;{}&#8221;][et_pb_row _builder_version=&#8221;4.17.5&#8243; _module_preset=&#8221;default&#8221; global_colors_info=&#8221;{}&#8221;][et_pb_column type=&#8221;4_4&#8243; _builder_version=&#8221;4.17.5&#8243; _module_preset=&#8221;default&#8221; global_colors_info=&#8221;{}&#8221;][et_pb_text _builder_version=&#8221;4.17.5&#8243; _module_preset=&#8221;default&#8221; global_colors_info=&#8221;{}&#8221;]<\/p>\n<nav aria-label=\"breadcrumbs\" class=\"rank-math-breadcrumb\"><p><span class=\"last\">Start<\/span><\/p><\/nav>\n<p>[\/et_pb_text][\/et_pb_column][\/et_pb_row][\/et_pb_section][et_pb_section fb_built=&#8221;1&#8243; specialty=&#8221;on&#8221; _builder_version=&#8221;4.17.5&#8243; _module_preset=&#8221;925e1525-0f04-4b76-970c-a65946074cf6&#8243; global_colors_info=&#8221;{}&#8221;][et_pb_column type=&#8221;1_4&#8243; _builder_version=&#8221;4.16&#8243; custom_padding=&#8221;|||&#8221; global_colors_info=&#8221;{}&#8221; custom_padding__hover=&#8221;|||&#8221;][et_pb_sidebar disabled_on=&#8221;on|off|off&#8221; _builder_version=&#8221;4.17.5&#8243; _module_preset=&#8221;default&#8221; global_colors_info=&#8221;{}&#8221;][\/et_pb_sidebar][\/et_pb_column][et_pb_column type=&#8221;3_4&#8243; specialty_columns=&#8221;3&#8243; _builder_version=&#8221;4.16&#8243; custom_padding=&#8221;|||&#8221; global_colors_info=&#8221;{}&#8221; custom_padding__hover=&#8221;|||&#8221;][et_pb_row_inner _builder_version=&#8221;4.17.5&#8243; _module_preset=&#8221;default&#8221; custom_padding=&#8221;||29px|||&#8221; global_colors_info=&#8221;{}&#8221;][et_pb_column_inner saved_specialty_column_type=&#8221;3_4&#8243; _builder_version=&#8221;4.17.5&#8243; _module_preset=&#8221;default&#8221; global_colors_info=&#8221;{}&#8221;][et_pb_text _builder_version=&#8221;4.17.5&#8243; _module_preset=&#8221;default&#8221; header_font=&#8221;|||on|||||&#8221; header_2_font=&#8221;|||on|||||&#8221; header_2_text_color=&#8221;#848484&#8243; global_colors_info=&#8221;{}&#8221;]<\/p>\n<h1>Spruzzatura HVOF<\/h1>\n<h2>LA SPRUZZATURA A VELOCIT\u00c0 SUPERSONICA<\/h2>\n<p>[\/et_pb_text][et_pb_text _builder_version=&#8221;4.17.5&#8243; _module_preset=&#8221;default&#8221; global_colors_info=&#8221;{}&#8221;]<\/p>\n<p>HVOF sta per \u201chigh velocity oxy fuel spraying\u201d.<\/p>\n<p>La velocit\u00e0 d\u2019impatto sul pezzo delle particelle accelerate \u00e8 di gran lunga superiore rispetto ad altri processi. Si tratta di una delle tecnologie pi\u00f9 recenti, la cui peculiarit\u00e0 sta nel fatto che il flusso gassoso raggiunge una velocit\u00e0 supersonica, nella quale le particelle del materiale polverizzato vengono riscaldate allo stato semi-fuso o fuso.   Grazie all&#8217;apporto ponderato di calore durante il processo di spruzzatura, la materia prima in polvere subisce minimi cambiamenti a livello metallurgico, quindi si ottiene una formazione minima di carburi secondari misti e si conservano al massimo le propriet\u00e0 di durezza e resistenza alla corrosione del materiale vergine. <\/p>\n<p>Gas di combustione utilizzabili: propano, propene, etilene, acetilene ed idrogeno.<\/p>\n<p>[\/et_pb_text][\/et_pb_column_inner][\/et_pb_row_inner][et_pb_row_inner column_structure=&#8221;1_2,1_2&#8243; use_custom_gutter=&#8221;on&#8221; gutter_width=&#8221;2&#8243; _builder_version=&#8221;4.17.5&#8243; _module_preset=&#8221;default&#8221; custom_padding=&#8221;0px|||||&#8221; global_colors_info=&#8221;{}&#8221;][et_pb_column_inner type=&#8221;1_2&#8243; saved_specialty_column_type=&#8221;3_4&#8243; _builder_version=&#8221;4.17.5&#8243; _module_preset=&#8221;default&#8221; global_colors_info=&#8221;{}&#8221;][et_pb_image src=&#8221;https:\/\/t-spray.de\/wp-content\/uploads\/2022\/07\/hvof-spritzen-detail1.jpg&#8221; alt=&#8221;Sistema HVOF&#8221; title_text=&#8221;Sistema HVOF&#8221; show_in_lightbox=&#8221;on&#8221; _builder_version=&#8221;4.17.6&#8243; _module_preset=&#8221;default&#8221; animation_style=&#8221;flip&#8221; animation_direction=&#8221;left&#8221; hover_enabled=&#8221;0&#8243; border_width_all=&#8221;1px&#8221; border_color_all=&#8221;#e0e0e0&#8243; global_colors_info=&#8221;{}&#8221; sticky_enabled=&#8221;0&#8243;][\/et_pb_image][\/et_pb_column_inner][et_pb_column_inner type=&#8221;1_2&#8243; saved_specialty_column_type=&#8221;3_4&#8243; _builder_version=&#8221;4.17.5&#8243; _module_preset=&#8221;default&#8221; global_colors_info=&#8221;{}&#8221;][et_pb_image src=&#8221;https:\/\/t-spray.de\/wp-content\/uploads\/2022\/07\/hvof-spritzen-detail2.jpg&#8221; alt=&#8221;Dosatore di polvere&#8221; title_text=&#8221;Dosatore di polvere&#8221; show_in_lightbox=&#8221;on&#8221; _builder_version=&#8221;4.17.6&#8243; _module_preset=&#8221;default&#8221; animation_style=&#8221;flip&#8221; animation_direction=&#8221;left&#8221; hover_enabled=&#8221;0&#8243; border_width_all=&#8221;1px&#8221; border_color_all=&#8221;#e0e0e0&#8243; global_colors_info=&#8221;{}&#8221; sticky_enabled=&#8221;0&#8243;][\/et_pb_image][\/et_pb_column_inner][\/et_pb_row_inner][et_pb_row_inner column_structure=&#8221;1_2,1_2&#8243; use_custom_gutter=&#8221;on&#8221; gutter_width=&#8221;2&#8243; _builder_version=&#8221;4.17.5&#8243; _module_preset=&#8221;default&#8221; custom_padding=&#8221;0px|||||&#8221; global_colors_info=&#8221;{}&#8221;][et_pb_column_inner type=&#8221;1_2&#8243; saved_specialty_column_type=&#8221;3_4&#8243; _builder_version=&#8221;4.17.5&#8243; _module_preset=&#8221;default&#8221; global_colors_info=&#8221;{}&#8221;][et_pb_image src=&#8221;https:\/\/t-spray.de\/wp-content\/uploads\/2022\/07\/hvof-spritzen-detail3.jpg&#8221; alt=&#8221;Sistema HVOF mini&#8221; title_text=&#8221;Sistema HVOF mini&#8221; show_in_lightbox=&#8221;on&#8221; _builder_version=&#8221;4.17.6&#8243; _module_preset=&#8221;default&#8221; animation_style=&#8221;flip&#8221; animation_direction=&#8221;left&#8221; hover_enabled=&#8221;0&#8243; border_width_all=&#8221;1px&#8221; border_color_all=&#8221;#e0e0e0&#8243; global_colors_info=&#8221;{}&#8221; sticky_enabled=&#8221;0&#8243;][\/et_pb_image][\/et_pb_column_inner][et_pb_column_inner type=&#8221;1_2&#8243; saved_specialty_column_type=&#8221;3_4&#8243; _builder_version=&#8221;4.17.5&#8243; _module_preset=&#8221;default&#8221; global_colors_info=&#8221;{}&#8221;][et_pb_image src=&#8221;https:\/\/t-spray.de\/wp-content\/uploads\/2022\/07\/hvof-spritzen-detail4.jpg&#8221; alt=&#8221;Sistema HVOF con iniezione di polveri dritto&#8221; title_text=&#8221;Sistema HVOF con iniezione di polveri dritto&#8221; show_in_lightbox=&#8221;on&#8221; _builder_version=&#8221;4.17.6&#8243; _module_preset=&#8221;default&#8221; animation_style=&#8221;flip&#8221; animation_direction=&#8221;left&#8221; hover_enabled=&#8221;0&#8243; border_width_all=&#8221;1px&#8221; border_color_all=&#8221;#e0e0e0&#8243; global_colors_info=&#8221;{}&#8221; sticky_enabled=&#8221;0&#8243;][\/et_pb_image][\/et_pb_column_inner][\/et_pb_row_inner][et_pb_row_inner _builder_version=&#8221;4.17.5&#8243; _module_preset=&#8221;default&#8221; custom_padding=&#8221;||29px|||&#8221; global_colors_info=&#8221;{}&#8221;][et_pb_column_inner saved_specialty_column_type=&#8221;3_4&#8243; _builder_version=&#8221;4.17.5&#8243; _module_preset=&#8221;default&#8221; global_colors_info=&#8221;{}&#8221;][et_pb_text _builder_version=&#8221;4.17.5&#8243; _module_preset=&#8221;default&#8221; header_font=&#8221;|||on|||||&#8221; header_2_font=&#8221;|||on|||||&#8221; header_2_text_color=&#8221;#23528E&#8221; header_2_font_size=&#8221;24px&#8221; custom_margin=&#8221;||14px|||&#8221; global_colors_info=&#8221;{}&#8221;]<\/p>\n<h2>APPLICAZIONI \/ VANTAGGI<\/h2>\n<p>[\/et_pb_text][et_pb_text ul_type=&#8221;square&#8221; _builder_version=&#8221;4.17.5&#8243; _module_preset=&#8221;default&#8221; global_colors_info=&#8221;{}&#8221;]<\/p>\n<ul>\n<li>Rivestimenti molto compatti e con eccellente aderenza<\/li>\n<li>Strati molto sottili ad elevata precisione<\/li>\n<li>Settori di impiego: superfici di scorrimento (per es. ferri da stiro a vapore), cilindri per l\u2019industria fotografica, pezzi per macchine chimiche e petrolchimiche (come pompe, valvole a sfera, guarnizioni meccaniche)<\/li>\n<\/ul>\n<p>[\/et_pb_text][\/et_pb_column_inner][\/et_pb_row_inner][et_pb_row_inner _builder_version=&#8221;4.17.5&#8243; _module_preset=&#8221;default&#8221; custom_padding=&#8221;||29px|||&#8221; global_colors_info=&#8221;{}&#8221;][et_pb_column_inner saved_specialty_column_type=&#8221;3_4&#8243; _builder_version=&#8221;4.17.5&#8243; _module_preset=&#8221;default&#8221; global_colors_info=&#8221;{}&#8221;][et_pb_text _builder_version=&#8221;4.17.5&#8243; _module_preset=&#8221;default&#8221; header_font=&#8221;|||on|||||&#8221; header_2_font=&#8221;|||on|||||&#8221; header_2_text_color=&#8221;#23528E&#8221; header_2_font_size=&#8221;24px&#8221; global_colors_info=&#8221;{}&#8221;]<\/p>\n<h2>MATERIALI COMUNEMENTE USATI<\/h2>\n<p>[\/et_pb_text][et_pb_text _builder_version=&#8221;4.17.5&#8243; _module_preset=&#8221;default&#8221; global_colors_info=&#8221;{}&#8221;]<\/p>\n<p>Cermets (polveri contenenti carburo di tungsteno), leghe in niche e cobalto, acciai altolegati, leghe in rame, leghe in alluminio, molibdeno, ossidi<\/p>\n<p>Per ulteriori informazioni consulta <span>anche<\/span> <a href=\"https:\/\/t-spray.de\/werkstoffe\/\">Materiali<\/a><\/p>\n<p>[\/et_pb_text][\/et_pb_column_inner][\/et_pb_row_inner][et_pb_row_inner _builder_version=&#8221;4.17.5&#8243; _module_preset=&#8221;default&#8221; custom_padding=&#8221;||29px|||&#8221; global_colors_info=&#8221;{}&#8221;][et_pb_column_inner saved_specialty_column_type=&#8221;3_4&#8243; _builder_version=&#8221;4.17.5&#8243; _module_preset=&#8221;default&#8221; global_colors_info=&#8221;{}&#8221;][et_pb_text _builder_version=&#8221;4.17.5&#8243; _module_preset=&#8221;default&#8221; header_font=&#8221;|||on|||||&#8221; header_2_font=&#8221;|||on|||||&#8221; header_2_text_color=&#8221;#23528E&#8221; header_2_font_size=&#8221;24px&#8221; global_colors_info=&#8221;{}&#8221;]<\/p>\n<h2>RICAMBI, COMPONENTI<\/h2>\n<p>[\/et_pb_text][et_pb_text _builder_version=&#8221;4.17.5&#8243; _module_preset=&#8221;default&#8221; global_colors_info=&#8221;{}&#8221;]<\/p>\n<p>Iniettori polveri, tubi polveri, ugelli per aria compressa<\/p>\n<p>[\/et_pb_text][et_pb_image src=&#8221;https:\/\/t-spray.de\/wp-content\/uploads\/2022\/07\/hvof-spritzen-detail-ersatzteile.jpg&#8221; alt=&#8221;Ricambi, componenti spruzzatura HVOF&#8221; title_text=&#8221;Ricambi, componenti spruzzatura HVOF&#8221; _builder_version=&#8221;4.17.6&#8243; _module_preset=&#8221;default&#8221; hover_enabled=&#8221;0&#8243; global_colors_info=&#8221;{}&#8221; sticky_enabled=&#8221;0&#8243;][\/et_pb_image][\/et_pb_column_inner][\/et_pb_row_inner][\/et_pb_column][\/et_pb_section]<\/p>\n","protected":false},"excerpt":{"rendered":"<p><nav aria-label=\"breadcrumbs\" class=\"rank-math-breadcrumb\"><p><span class=\"last\">Start<\/span><\/p><\/nav>Spruzzatura HVOF LA SPRUZZATURA A VELOCIT\u00c0 SUPERSONICAHVOF sta per \u201chigh velocity oxy fuel spraying\u201d. La velocit\u00e0 d\u2019impatto sul pezzo delle particelle accelerate \u00e8 di gran lunga superiore rispetto ad altri processi. Si tratta di una delle tecnologie pi\u00f9 recenti, la cui peculiarit\u00e0 sta nel fatto che il flusso gassoso raggiunge una velocit\u00e0 supersonica, nella quale [&hellip;]<\/p>\n","protected":false},"author":1,"featured_media":0,"parent":0,"menu_order":0,"comment_status":"closed","ping_status":"closed","template":"","meta":{"_et_pb_use_builder":"on","_et_pb_old_content":"","_et_gb_content_width":"","footnotes":""},"class_list":["post-704","page","type-page","status-publish","hentry"],"_links":{"self":[{"href":"https:\/\/t-spray.de\/it\/wp-json\/wp\/v2\/pages\/704","targetHints":{"allow":["GET"]}}],"collection":[{"href":"https:\/\/t-spray.de\/it\/wp-json\/wp\/v2\/pages"}],"about":[{"href":"https:\/\/t-spray.de\/it\/wp-json\/wp\/v2\/types\/page"}],"author":[{"embeddable":true,"href":"https:\/\/t-spray.de\/it\/wp-json\/wp\/v2\/users\/1"}],"replies":[{"embeddable":true,"href":"https:\/\/t-spray.de\/it\/wp-json\/wp\/v2\/comments?post=704"}],"version-history":[{"count":6,"href":"https:\/\/t-spray.de\/it\/wp-json\/wp\/v2\/pages\/704\/revisions"}],"predecessor-version":[{"id":835,"href":"https:\/\/t-spray.de\/it\/wp-json\/wp\/v2\/pages\/704\/revisions\/835"}],"wp:attachment":[{"href":"https:\/\/t-spray.de\/it\/wp-json\/wp\/v2\/media?parent=704"}],"curies":[{"name":"wp","href":"https:\/\/api.w.org\/{rel}","templated":true}]}}